{"id":215,"date":"2023-07-31T14:01:09","date_gmt":"2023-07-31T17:01:09","guid":{"rendered":"http:\/\/sonimagem.com\/?page_id=215"},"modified":"2023-08-02T00:42:57","modified_gmt":"2023-08-02T03:42:57","slug":"sonorizacao","status":"publish","type":"page","link":"http:\/\/sonimagem.com\/?page_id=215","title":{"rendered":"Sonoriza\u00e7\u00e3o"},"content":{"rendered":"\n<figure class=\"wp-block-gallery has-nested-images columns-default is-cropped wp-block-gallery-1 is-layout-flex wp-block-gallery-is-layout-flex\">\n<figure class=\"wp-block-image size-large\"><img loading=\"lazy\" decoding=\"async\" width=\"500\" height=\"500\" data-id=\"244\" src=\"http:\/\/sonimagem.com\/wp-content\/uploads\/2023\/08\/amplificador-1.png\" alt=\"\" class=\"wp-image-244\" srcset=\"http:\/\/sonimagem.com\/wp-content\/uploads\/2023\/08\/amplificador-1.png 500w, http:\/\/sonimagem.com\/wp-content\/uploads\/2023\/08\/amplificador-1-300x300.png 300w, http:\/\/sonimagem.com\/wp-content\/uploads\/2023\/08\/amplificador-1-150x150.png 150w\" sizes=\"(max-width: 500px) 100vw, 500px\" \/><\/figure>\n\n\n\n<figure class=\"wp-block-image size-large\"><img loading=\"lazy\" decoding=\"async\" width=\"500\" height=\"500\" data-id=\"243\" src=\"http:\/\/sonimagem.com\/wp-content\/uploads\/2023\/08\/Amplificador-SA-100.png\" alt=\"\" class=\"wp-image-243\" srcset=\"http:\/\/sonimagem.com\/wp-content\/uploads\/2023\/08\/Amplificador-SA-100.png 500w, http:\/\/sonimagem.com\/wp-content\/uploads\/2023\/08\/Amplificador-SA-100-300x300.png 300w, http:\/\/sonimagem.com\/wp-content\/uploads\/2023\/08\/Amplificador-SA-100-150x150.png 150w\" sizes=\"(max-width: 500px) 100vw, 500px\" \/><\/figure>\n\n\n\n<figure class=\"wp-block-image size-large\"><img loading=\"lazy\" decoding=\"async\" width=\"500\" height=\"500\" data-id=\"242\" src=\"http:\/\/sonimagem.com\/wp-content\/uploads\/2023\/08\/Amplificador-SA-100-BT.png\" alt=\"\" class=\"wp-image-242\" srcset=\"http:\/\/sonimagem.com\/wp-content\/uploads\/2023\/08\/Amplificador-SA-100-BT.png 500w, http:\/\/sonimagem.com\/wp-content\/uploads\/2023\/08\/Amplificador-SA-100-BT-300x300.png 300w, http:\/\/sonimagem.com\/wp-content\/uploads\/2023\/08\/Amplificador-SA-100-BT-150x150.png 150w\" sizes=\"(max-width: 500px) 100vw, 500px\" \/><\/figure>\n\n\n\n<figure class=\"wp-block-image size-large\"><img loading=\"lazy\" decoding=\"async\" width=\"500\" height=\"500\" data-id=\"248\" src=\"http:\/\/sonimagem.com\/wp-content\/uploads\/2023\/08\/Amplificador-SA-2500-Visao-Frontal.png\" alt=\"\" class=\"wp-image-248\" srcset=\"http:\/\/sonimagem.com\/wp-content\/uploads\/2023\/08\/Amplificador-SA-2500-Visao-Frontal.png 500w, http:\/\/sonimagem.com\/wp-content\/uploads\/2023\/08\/Amplificador-SA-2500-Visao-Frontal-300x300.png 300w, http:\/\/sonimagem.com\/wp-content\/uploads\/2023\/08\/Amplificador-SA-2500-Visao-Frontal-150x150.png 150w\" sizes=\"(max-width: 500px) 100vw, 500px\" \/><\/figure>\n<\/figure>\n\n\n\n<figure class=\"wp-block-gallery has-nested-images columns-default is-cropped wp-block-gallery-2 is-layout-flex wp-block-gallery-is-layout-flex\">\n<figure class=\"wp-block-image size-large\"><img loading=\"lazy\" decoding=\"async\" width=\"500\" height=\"500\" data-id=\"249\" src=\"http:\/\/sonimagem.com\/wp-content\/uploads\/2023\/08\/Caixa-acustica-de-embutir.png\" alt=\"\" class=\"wp-image-249\" srcset=\"http:\/\/sonimagem.com\/wp-content\/uploads\/2023\/08\/Caixa-acustica-de-embutir.png 500w, http:\/\/sonimagem.com\/wp-content\/uploads\/2023\/08\/Caixa-acustica-de-embutir-300x300.png 300w, http:\/\/sonimagem.com\/wp-content\/uploads\/2023\/08\/Caixa-acustica-de-embutir-150x150.png 150w\" sizes=\"(max-width: 500px) 100vw, 500px\" \/><\/figure>\n<\/figure>\n\n\n\n<ul>\n<li>Amplificadores de som, de diversas marcas, pot\u00eancias e caracter\u00edsticas, com e sem Bluetooth<\/li>\n\n\n\n<li>Caixas ac\u00fasticas de todos os tipos e tamanhos, de todas as marcas, com diversas pot\u00eancias e caracter\u00edsticas de uso, inclusive \u00e0 prova de \u00e1gua<\/li>\n\n\n\n<li>Microfonwes com fio e sem fio<\/li>\n\n\n\n<li>Tipo bast\u00e3o ( de m\u00e3o)<\/li>\n\n\n\n<li>Gooseneck<\/li>\n\n\n\n<li>Headset<\/li>\n\n\n\n<li>Lapela<\/li>\n\n\n\n<li>-Teto<\/li>\n\n\n\n<li>3-Todos os tipos de cabos e conectores para liga\u00e7\u00e3o<\/li>\n<\/ul>\n\n\n\n<div class=\"wp-block-group alignfull has-background-color has-background has-global-padding is-layout-constrained wp-block-group-is-layout-constrained\" style=\"background-color:#00000094;margin-top:0;margin-bottom:0;padding-top:var(--wp--preset--spacing--40);padding-right:var(--wp--preset--spacing--30);padding-bottom:var(--wp--preset--spacing--40);padding-left:var(--wp--preset--spacing--30)\">\n<div class=\"wp-block-group alignwide is-content-justification-space-between is-layout-flex wp-container-core-group-is-layout-2 wp-block-group-is-layout-flex\">\n<div class=\"wp-block-group is-layout-flex wp-block-group-is-layout-flex\"><nav class=\"has-small-font-size is-responsive items-justified-center wp-block-navigation has-small-font-size is-content-justification-center is-layout-flex wp-container-core-navigation-is-layout-1 wp-block-navigation-is-layout-flex\" aria-label=\"Navega\u00e7\u00e3o\" \n\t\t data-wp-interactive=\"core\/navigation\" data-wp-context='{\"overlayOpenedBy\":{\"click\":false,\"hover\":false,\"focus\":false},\"type\":\"overlay\",\"roleAttribute\":\"\",\"ariaLabel\":\"Menu\"}'><button aria-haspopup=\"dialog\" aria-label=\"Open menu\" class=\"wp-block-navigation__responsive-container-open \" \n\t\t\t\tdata-wp-on--click=\"actions.openMenuOnClick\"\n\t\t\t\tdata-wp-on--keydown=\"actions.handleMenuKeydown\"\n\t\t\t><svg width=\"24\" height=\"24\" xmlns=\"http:\/\/www.w3.org\/2000\/svg\" viewBox=\"0 0 24 24\" aria-hidden=\"true\" focusable=\"false\"><rect x=\"4\" y=\"7.5\" width=\"16\" height=\"1.5\" \/><rect x=\"4\" y=\"15\" width=\"16\" height=\"1.5\" \/><\/svg><\/button>\n\t\t\t\t<div class=\"wp-block-navigation__responsive-container  \" style=\"\" id=\"modal-3\" \n\t\t\t\tdata-wp-class--has-modal-open=\"state.isMenuOpen\"\n\t\t\t\tdata-wp-class--is-menu-open=\"state.isMenuOpen\"\n\t\t\t\tdata-wp-watch=\"callbacks.initMenu\"\n\t\t\t\tdata-wp-on--keydown=\"actions.handleMenuKeydown\"\n\t\t\t\tdata-wp-on--focusout=\"actions.handleMenuFocusout\"\n\t\t\t\ttabindex=\"-1\"\n\t\t\t>\n\t\t\t\t\t<div class=\"wp-block-navigation__responsive-close\" tabindex=\"-1\">\n\t\t\t\t\t\t<div class=\"wp-block-navigation__responsive-dialog\" \n\t\t\t\tdata-wp-bind--aria-modal=\"state.ariaModal\"\n\t\t\t\tdata-wp-bind--aria-label=\"state.ariaLabel\"\n\t\t\t\tdata-wp-bind--role=\"state.roleAttribute\"\n\t\t\t>\n\t\t\t\t\t\t\t<button aria-label=\"Close menu\" class=\"wp-block-navigation__responsive-container-close\" \n\t\t\t\tdata-wp-on--click=\"actions.closeMenuOnClick\"\n\t\t\t><svg xmlns=\"http:\/\/www.w3.org\/2000\/svg\" viewBox=\"0 0 24 24\" width=\"24\" height=\"24\" aria-hidden=\"true\" focusable=\"false\"><path d=\"M13 11.8l6.1-6.3-1-1-6.1 6.2-6.1-6.2-1 1 6.1 6.3-6.5 6.7 1 1 6.5-6.6 6.5 6.6 1-1z\"><\/path><\/svg><\/button>\n\t\t\t\t\t\t\t<div class=\"wp-block-navigation__responsive-container-content\" \n\t\t\t\tdata-wp-watch=\"callbacks.focusFirstElement\"\n\t\t\t id=\"modal-3-content\">\n\t\t\t\t\t\t\t\t<ul class=\"wp-block-navigation__container has-small-font-size is-responsive items-justified-center wp-block-navigation has-small-font-size\"><li class=\"has-small-font-size wp-block-navigation-item wp-block-navigation-link\"><a class=\"wp-block-navigation-item__content\"  href=\"http:\/\/sonimagem.com\" title=\"Home\"><span class=\"wp-block-navigation-item__label\">Home<\/span><span class=\"wp-block-navigation-item__description\">P\u00e1gina inicial<\/span><\/a><\/li><li class=\"has-small-font-size wp-block-navigation-item wp-block-navigation-link\"><a class=\"wp-block-navigation-item__content\"  href=\"http:\/\/sonimagem.com\/?page_id=70\"><span class=\"wp-block-navigation-item__label\">Projetores<\/span><\/a><\/li><li class=\"has-small-font-size wp-block-navigation-item wp-block-navigation-link\"><a class=\"wp-block-navigation-item__content\"  href=\"http:\/\/sonimagem.com\/?page_id=120\"><span class=\"wp-block-navigation-item__label\">Telas de Proje\u00e7\u00e3o<\/span><span class=\"wp-block-navigation-item__description\">telas de proje\u00e7\u00e3o<\/span><\/a><\/li><li class=\"has-small-font-size wp-block-navigation-item wp-block-navigation-link\"><a class=\"wp-block-navigation-item__content\"  href=\"http:\/\/sonimagem.com\/?page_id=167\"><span class=\"wp-block-navigation-item__label\">Suporte de Teto<\/span><\/a><\/li><li class=\"has-small-font-size wp-block-navigation-item wp-block-navigation-link\"><a class=\"wp-block-navigation-item__content\"  href=\"http:\/\/sonimagem.com\/?page_id=215\"><span class=\"wp-block-navigation-item__label\">Sonoriza\u00e7\u00e3o<\/span><\/a><\/li><li class=\"has-small-font-size wp-block-navigation-item wp-block-navigation-link\"><a class=\"wp-block-navigation-item__content\"  href=\"http:\/\/sonimagem.com\/?page_id=217\"><span class=\"wp-block-navigation-item__label\">Automa\u00e7\u00e3o<\/span><\/a><\/li><\/ul>\n\t\t\t\t\t\t\t<\/div>\n\t\t\t\t\t\t<\/div>\n\t\t\t\t\t<\/div>\n\t\t\t\t<\/div><\/nav><\/div>\n\n\n\n<p class=\"has-text-align-center has-small-font-size\"> email: vendas@sonimagem.com<\/p>\n\n\n\n<p><\/p>\n\n\n\n<p class=\"has-text-align-center has-small-font-size\"> Sonimagem  2023 Todos os Direitos Reservados .  <a href=\"http:\/\/www.pinfildi.com\" data-type=\"URL\" data-id=\"http:\/\/www.pinfildi.com\" target=\"_blank\" rel=\"noreferrer noopener\">By Pinfildi <\/a><\/p>\n<\/div>\n<\/div>\n\n\n\n<p><\/p>\n","protected":false},"excerpt":{"rendered":"<p>email: vendas@sonimagem.com Sonimagem 2023 Todos os Direitos Reservados . By Pinfildi<\/p>\n","protected":false},"author":1,"featured_media":238,"parent":0,"menu_order":0,"comment_status":"closed","ping_status":"closed","template":"","meta":{"footnotes":""},"_links":{"self":[{"href":"http:\/\/sonimagem.com\/index.php?rest_route=\/wp\/v2\/pages\/215"}],"collection":[{"href":"http:\/\/sonimagem.com\/index.php?rest_route=\/wp\/v2\/pages"}],"about":[{"href":"http:\/\/sonimagem.com\/index.php?rest_route=\/wp\/v2\/types\/page"}],"author":[{"embeddable":true,"href":"http:\/\/sonimagem.com\/index.php?rest_route=\/wp\/v2\/users\/1"}],"replies":[{"embeddable":true,"href":"http:\/\/sonimagem.com\/index.php?rest_route=%2Fwp%2Fv2%2Fcomments&post=215"}],"version-history":[{"count":7,"href":"http:\/\/sonimagem.com\/index.php?rest_route=\/wp\/v2\/pages\/215\/revisions"}],"predecessor-version":[{"id":250,"href":"http:\/\/sonimagem.com\/index.php?rest_route=\/wp\/v2\/pages\/215\/revisions\/250"}],"wp:featuredmedia":[{"embeddable":true,"href":"http:\/\/sonimagem.com\/index.php?rest_route=\/wp\/v2\/media\/238"}],"wp:attachment":[{"href":"http:\/\/sonimagem.com\/index.php?rest_route=%2Fwp%2Fv2%2Fmedia&parent=215"}],"curies":[{"name":"wp","href":"https:\/\/api.w.org\/{rel}","templated":true}]}}